{"id":185,"date":"2021-10-05T18:46:59","date_gmt":"2021-10-05T23:46:59","guid":{"rendered":"https:\/\/siscomonline.co\/?page_id=185"},"modified":"2024-09-30T16:24:53","modified_gmt":"2024-09-30T21:24:53","slug":"regulacion","status":"publish","type":"page","link":"https:\/\/siscomonline.co\/?page_id=185","title":{"rendered":"Regulaci\u00f3n"},"content":{"rendered":"\n<h1 class=\"wp-block-heading has-text-align-center\">Internet sano<\/h1>\n\n\n\n<p class=\"has-text-align-center\"><strong>Protecci\u00f3n contra la pornograf\u00eda Infantil<\/strong> <\/p>\n\n\n\n<div class=\"wp-block-columns is-layout-flex wp-container-core-columns-is-layout-9d6595d7 wp-block-columns-is-layout-flex\">\n<div class=\"wp-block-column is-layout-flow wp-block-column-is-layout-flow\">\n<p>SISCOM ONLINE SAS como parte de su compromiso social y en cumplimiento de las normas vigentes, informa a sus usuarios sobre la existencia y los alcances de la Ley 679 de 2001, sus decretos reglamentarios&nbsp;y los sitios en que nuestros usuarios pueden denunciar ante las autoridades competentes sitios en la red con presencia de contenidos de pornograf\u00eda infantil.<\/p>\n\n\n\n<p>Internet Sano campa\u00f1a en&nbsp; la cual el Ministerio de Comunicaciones por busca generar opini\u00f3n y conocimiento en torno al tema de la explotaci\u00f3n infantil en Internet, destacando mensajes de prevenci\u00f3n, de denuncia, informativos e institucionales. Esta campa\u00f1a del Ministerio de Comunicaciones busca que todos los Colombianos comprendan y asimilen lo que significa la prevenci\u00f3n de la pornograf\u00eda infantil y juvenil en Internet. Dentro de los desarrollos de esta campa\u00f1a y en cumplimiento de la Ley 679 de 2001 y del Decreto 1524 de 2004, Colombia Telecomunicaciones adopt\u00f3 el C\u00f3digo de Conducta para el manejo y aprovechamiento de redes globales de informaci\u00f3n y la protecci\u00f3n de los menores de edad contra la pornograf\u00eda infantil con el objetivo de prevenir la divulgaci\u00f3n de material de pornograf\u00eda infantil a trav\u00e9s de las redes y equipos de c\u00f3mputo bajo su directa administraci\u00f3n, con el fin de prevenir el acceso de menores de edad a cualquier tipo de material pornogr\u00e1fico, como herramienta para la lucha contra la pornograf\u00eda infantil.<\/p>\n<\/div>\n\n\n\n<div class=\"wp-block-column is-layout-flow wp-block-column-is-layout-flow\">\n<p>En los siguientes lugares se pueden realizar denuncias relacionadas con sitios y contenidos de pornograf\u00eda infantil, as\u00ed como p\u00e1ginas web que ofrezcan servicios sexuales con ni\u00f1os:<\/p>\n\n\n\n<p><strong>MINISTERIO DE LAS TECNOLOG\u00cdAS DE LA INFORMACI\u00d3N Y LAS COMUNICACIONES<\/strong><\/p>\n\n\n\n<p><a href=\"http:\/\/www.enticconfio.gov.co\/\" target=\"_blank\" rel=\"noreferrer noopener\">www.enticconfio.gov.co\/<\/a><br><a href=\"https:\/\/teprotejocolombia.org\/\" target=\"_blank\" rel=\"noreferrer noopener\">www.teprotejo.org<\/a>\u00a0o descarga el app en las tiendas iOS o Android.<\/p>\n\n\n\n<p><strong>FISCAL\u00cdA GENERAL DE LA NACI\u00d3N<\/strong><\/p>\n\n\n\n<p>Tel\u00e9fono: 01 800 0912280<br><a href=\"http:\/\/www.fiscalia.gov.co\/\" target=\"_blank\" rel=\"noreferrer noopener\">www.fiscalia.gov.co<\/a><\/p>\n\n\n\n<p><strong>DIRECCI\u00d3N CENTRAL DE POLIC\u00cdA JUDICIAL &#8211; DIJIN<\/strong><\/p>\n\n\n\n<p>Grupo Investigativo Delitos Inform\u00e1ticos<br>Carrera 77A # 45-61 Barrio Modelia<br>Tel\u00e9fonos: PBX: 426 6900 Ext. 6301-6302<br>Directo: 4266300<\/p>\n\n\n\n<p><strong>INSTITUTO COLOMBIANO DE BIENESTAR FAMILIAR<\/strong><\/p>\n\n\n\n<p>L\u00ednea gratuita nacional ICBF:(57 1) 01 8000 91 80 80. Disponible de lunes a domingo las 24 horas.<br>L\u00ednea de prevenci\u00f3n abuso sexual:(57 1) 01 8000 11 24 40. Disponible de lunes a domingo las 24 horas. <a href=\"http:\/\/www.icbf.gov.co\/portal\/page\/portal\/PortalICBF\" target=\"_blank\" rel=\"noreferrer noopener\">www.icbf.gov.co<\/a><\/p>\n\n\n\n<p><\/p>\n<\/div>\n<\/div>\n\n\n\n<h2 class=\"wp-block-heading\">Normas de protecci\u00f3n al Usuario<\/h2>\n\n\n\n<p><strong>Normas LEY 679 DE 2001 (agosto 3)<\/strong><\/p>\n\n\n\n<p>Diario Oficial No. 44.509 del 4 de agosto de 2001por medio de la cual se expide un estatuto para prevenir y contrarrestar la explotaci\u00f3n, la pornograf\u00eda y el turismo sexual con menores, en desarrollo del art\u00edculo 44 de la Constituci\u00f3n.<br><a href=\"https:\/\/www.movistar.co\/documents\/10184\/87443216\/Ley679.doc\/a8afcc85-1bfc-44d8-a245-ae659d79e487\">Descargar Ley 679 de 2001 (103 Kb)<\/a><\/p>\n\n\n\n<p><\/p>\n\n\n\n<p><strong>DECRETO N\u00daMERO 067 DE 2003 (enero 15)<\/strong><\/p>\n\n\n\n<p>Diario Oficial 45. 066 17-01-2003 Ministerio de Comunicaciones que el 24 de julio de 2002 se expidi\u00f3 el Decreto 1524 de 2002, el cual tiene por objeto reglamentar el art\u00edculo 5\u00b0 de la Ley 679 de 2001, con el fin de establecer las medidas t\u00e9cnicas y administrativas destinadas a prevenir el acceso de menores de edad a cualquier modalidad de informaci\u00f3n pornogr\u00e1fica contenida en Internet o en las distintas clases de redes inform\u00e1ticas a las cuales se tenga acceso mediante redes globales de informaci\u00f3n.<br><a href=\"https:\/\/www.movistar.co\/documents\/10184\/87443216\/Decreto067.doc\/0e7b884d-97ab-4d03-98f3-5d12e4509b44\">Descargar archivo Decreto 067 de 2003 pr\u00f3rroga (25 Kb)<\/a><\/p>\n\n\n\n<p><\/p>\n\n\n\n<p><strong>DECRETO N\u00daMERO 1524 DE 2002 (julio 24)<\/strong><\/p>\n\n\n\n<p>Publicado el 31 de julio de 2002 MINISTERIO DE COMUNICACIONES por el cual reglamenta el art\u00edculo 5\u00b0 de la Ley 679 de 2001, que de conformidad con lo dispuesto por el art\u00edculo 44 de la Constituci\u00f3n Pol\u00edtica, los ni\u00f1os ser\u00e1n protegidos contra toda forma de abandono, violencia f\u00edsica o moral, secuestro, venta, abuso sexual, explotaci\u00f3n laboral o econ\u00f3mica y trabajos riesgosos.<br><a href=\"https:\/\/www.movistar.co\/documents\/10184\/87443216\/DECRETO1524-02.doc\/432069de-348a-486e-843d-a72853035d7a\">Descargar archivo DECRETO 1524-02 Mincomunicaciones (35 Kb)<\/a><\/p>\n\n\n\n<p><strong>RESOLUCI\u00d3N No. 5050 DE 2016<\/strong><\/p>\n\n\n\n<p>\u201cPor la cual de compilan las Resoluciones de Car\u00e1cter General vigentes expedidas por la Comisi\u00f3n de Regulaci\u00f3n Comunicaciones\u201d.<br><a href=\"https:\/\/www.crcom.gov.co\/resoluciones\/00005111.pdf\" target=\"_blank\" rel=\"noreferrer noopener\">Descargar archivo Resoluci\u00f3n 5050 de 2016<\/a><\/p>\n\n\n\n<p><\/p>\n","protected":false},"excerpt":{"rendered":"<p>Internet sano Protecci\u00f3n contra la pornograf\u00eda Infantil SISCOM ONLINE SAS como parte de su compromiso social y en cumplimiento de las normas vigentes, informa a sus usuarios sobre la existencia y los alcances de la Ley 679 de 2001, sus decretos reglamentarios&nbsp;y los sitios en que nuestros usuarios pueden denunciar ante las autoridades competentes sitios [&hellip;]<\/p>\n","protected":false},"author":1,"featured_media":135,"parent":0,"menu_order":0,"comment_status":"closed","ping_status":"closed","template":"","meta":{"_monsterinsights_skip_tracking":false,"_monsterinsights_sitenote_active":false,"_monsterinsights_sitenote_note":"","_monsterinsights_sitenote_category":0,"_joinchat":[],"footnotes":""},"class_list":["post-185","page","type-page","status-publish","has-post-thumbnail","hentry"],"yoast_head":"<!-- This site is optimized with the Yoast SEO plugin v23.4 - https:\/\/yoast.com\/wordpress\/plugins\/seo\/ -->\n<title>Regulaci\u00f3n - siscomonline<\/title>\n<meta name=\"robots\" content=\"index, follow, max-snippet:-1, max-image-preview:large, max-video-preview:-1\" \/>\n<link rel=\"canonical\" href=\"https:\/\/siscomonline.co\/?page_id=185\" \/>\n<meta property=\"og:locale\" content=\"es_ES\" \/>\n<meta property=\"og:type\" content=\"article\" \/>\n<meta property=\"og:title\" content=\"Regulaci\u00f3n - siscomonline\" \/>\n<meta property=\"og:description\" content=\"Internet sano Protecci\u00f3n contra la pornograf\u00eda Infantil SISCOM ONLINE SAS como parte de su compromiso social y en cumplimiento de las normas vigentes, informa a sus usuarios sobre la existencia y los alcances de la Ley 679 de 2001, sus decretos reglamentarios&nbsp;y los sitios en que nuestros usuarios pueden denunciar ante las autoridades competentes sitios [&hellip;]\" \/>\n<meta property=\"og:url\" content=\"https:\/\/siscomonline.co\/?page_id=185\" \/>\n<meta property=\"og:site_name\" content=\"siscomonline\" \/>\n<meta property=\"article:modified_time\" content=\"2024-09-30T21:24:53+00:00\" \/>\n<meta property=\"og:image\" content=\"https:\/\/siscomonline.co\/wp-content\/uploads\/2021\/10\/logo_transp.png\" \/>\n\t<meta property=\"og:image:width\" content=\"1009\" \/>\n\t<meta property=\"og:image:height\" content=\"205\" \/>\n\t<meta property=\"og:image:type\" content=\"image\/png\" \/>\n<meta name=\"twitter:card\" content=\"summary_large_image\" \/>\n<meta name=\"twitter:label1\" content=\"Tiempo de lectura\" \/>\n\t<meta name=\"twitter:data1\" content=\"3 minutos\" \/>\n<script type=\"application\/ld+json\" class=\"yoast-schema-graph\">{\"@context\":\"https:\/\/schema.org\",\"@graph\":[{\"@type\":\"WebPage\",\"@id\":\"https:\/\/siscomonline.co\/?page_id=185\",\"url\":\"https:\/\/siscomonline.co\/?page_id=185\",\"name\":\"Regulaci\u00f3n - siscomonline\",\"isPartOf\":{\"@id\":\"https:\/\/siscomonline.co\/#website\"},\"primaryImageOfPage\":{\"@id\":\"https:\/\/siscomonline.co\/?page_id=185#primaryimage\"},\"image\":{\"@id\":\"https:\/\/siscomonline.co\/?page_id=185#primaryimage\"},\"thumbnailUrl\":\"https:\/\/siscomonline.co\/wp-content\/uploads\/2021\/10\/logo_transp.png\",\"datePublished\":\"2021-10-05T23:46:59+00:00\",\"dateModified\":\"2024-09-30T21:24:53+00:00\",\"breadcrumb\":{\"@id\":\"https:\/\/siscomonline.co\/?page_id=185#breadcrumb\"},\"inLanguage\":\"es-CO\",\"potentialAction\":[{\"@type\":\"ReadAction\",\"target\":[\"https:\/\/siscomonline.co\/?page_id=185\"]}]},{\"@type\":\"ImageObject\",\"inLanguage\":\"es-CO\",\"@id\":\"https:\/\/siscomonline.co\/?page_id=185#primaryimage\",\"url\":\"https:\/\/siscomonline.co\/wp-content\/uploads\/2021\/10\/logo_transp.png\",\"contentUrl\":\"https:\/\/siscomonline.co\/wp-content\/uploads\/2021\/10\/logo_transp.png\",\"width\":1009,\"height\":205},{\"@type\":\"BreadcrumbList\",\"@id\":\"https:\/\/siscomonline.co\/?page_id=185#breadcrumb\",\"itemListElement\":[{\"@type\":\"ListItem\",\"position\":1,\"name\":\"Inicio\",\"item\":\"https:\/\/siscomonline.co\/\"},{\"@type\":\"ListItem\",\"position\":2,\"name\":\"Regulaci\u00f3n\"}]},{\"@type\":\"WebSite\",\"@id\":\"https:\/\/siscomonline.co\/#website\",\"url\":\"https:\/\/siscomonline.co\/\",\"name\":\"siscomonline\",\"description\":\"SISTEMAS DE COMUNICACI\u00d3N EN LINEA S.A.S\",\"publisher\":{\"@id\":\"https:\/\/siscomonline.co\/#organization\"},\"potentialAction\":[{\"@type\":\"SearchAction\",\"target\":{\"@type\":\"EntryPoint\",\"urlTemplate\":\"https:\/\/siscomonline.co\/?s={search_term_string}\"},\"query-input\":{\"@type\":\"PropertyValueSpecification\",\"valueRequired\":true,\"valueName\":\"search_term_string\"}}],\"inLanguage\":\"es-CO\"},{\"@type\":\"Organization\",\"@id\":\"https:\/\/siscomonline.co\/#organization\",\"name\":\"siscomonline\",\"url\":\"https:\/\/siscomonline.co\/\",\"logo\":{\"@type\":\"ImageObject\",\"inLanguage\":\"es-CO\",\"@id\":\"https:\/\/siscomonline.co\/#\/schema\/logo\/image\/\",\"url\":\"https:\/\/siscomonline.co\/wp-content\/uploads\/2021\/10\/cropped-logo.png\",\"contentUrl\":\"https:\/\/siscomonline.co\/wp-content\/uploads\/2021\/10\/cropped-logo.png\",\"width\":1014,\"height\":259,\"caption\":\"siscomonline\"},\"image\":{\"@id\":\"https:\/\/siscomonline.co\/#\/schema\/logo\/image\/\"}}]}<\/script>\n<!-- \/ Yoast SEO plugin. -->","yoast_head_json":{"title":"Regulaci\u00f3n - siscomonline","robots":{"index":"index","follow":"follow","max-snippet":"max-snippet:-1","max-image-preview":"max-image-preview:large","max-video-preview":"max-video-preview:-1"},"canonical":"https:\/\/siscomonline.co\/?page_id=185","og_locale":"es_ES","og_type":"article","og_title":"Regulaci\u00f3n - siscomonline","og_description":"Internet sano Protecci\u00f3n contra la pornograf\u00eda Infantil SISCOM ONLINE SAS como parte de su compromiso social y en cumplimiento de las normas vigentes, informa a sus usuarios sobre la existencia y los alcances de la Ley 679 de 2001, sus decretos reglamentarios&nbsp;y los sitios en que nuestros usuarios pueden denunciar ante las autoridades competentes sitios [&hellip;]","og_url":"https:\/\/siscomonline.co\/?page_id=185","og_site_name":"siscomonline","article_modified_time":"2024-09-30T21:24:53+00:00","og_image":[{"width":1009,"height":205,"url":"https:\/\/siscomonline.co\/wp-content\/uploads\/2021\/10\/logo_transp.png","type":"image\/png"}],"twitter_card":"summary_large_image","twitter_misc":{"Tiempo de lectura":"3 minutos"},"schema":{"@context":"https:\/\/schema.org","@graph":[{"@type":"WebPage","@id":"https:\/\/siscomonline.co\/?page_id=185","url":"https:\/\/siscomonline.co\/?page_id=185","name":"Regulaci\u00f3n - siscomonline","isPartOf":{"@id":"https:\/\/siscomonline.co\/#website"},"primaryImageOfPage":{"@id":"https:\/\/siscomonline.co\/?page_id=185#primaryimage"},"image":{"@id":"https:\/\/siscomonline.co\/?page_id=185#primaryimage"},"thumbnailUrl":"https:\/\/siscomonline.co\/wp-content\/uploads\/2021\/10\/logo_transp.png","datePublished":"2021-10-05T23:46:59+00:00","dateModified":"2024-09-30T21:24:53+00:00","breadcrumb":{"@id":"https:\/\/siscomonline.co\/?page_id=185#breadcrumb"},"inLanguage":"es-CO","potentialAction":[{"@type":"ReadAction","target":["https:\/\/siscomonline.co\/?page_id=185"]}]},{"@type":"ImageObject","inLanguage":"es-CO","@id":"https:\/\/siscomonline.co\/?page_id=185#primaryimage","url":"https:\/\/siscomonline.co\/wp-content\/uploads\/2021\/10\/logo_transp.png","contentUrl":"https:\/\/siscomonline.co\/wp-content\/uploads\/2021\/10\/logo_transp.png","width":1009,"height":205},{"@type":"BreadcrumbList","@id":"https:\/\/siscomonline.co\/?page_id=185#breadcrumb","itemListElement":[{"@type":"ListItem","position":1,"name":"Inicio","item":"https:\/\/siscomonline.co\/"},{"@type":"ListItem","position":2,"name":"Regulaci\u00f3n"}]},{"@type":"WebSite","@id":"https:\/\/siscomonline.co\/#website","url":"https:\/\/siscomonline.co\/","name":"siscomonline","description":"SISTEMAS DE COMUNICACI\u00d3N EN LINEA S.A.S","publisher":{"@id":"https:\/\/siscomonline.co\/#organization"},"potentialAction":[{"@type":"SearchAction","target":{"@type":"EntryPoint","urlTemplate":"https:\/\/siscomonline.co\/?s={search_term_string}"},"query-input":{"@type":"PropertyValueSpecification","valueRequired":true,"valueName":"search_term_string"}}],"inLanguage":"es-CO"},{"@type":"Organization","@id":"https:\/\/siscomonline.co\/#organization","name":"siscomonline","url":"https:\/\/siscomonline.co\/","logo":{"@type":"ImageObject","inLanguage":"es-CO","@id":"https:\/\/siscomonline.co\/#\/schema\/logo\/image\/","url":"https:\/\/siscomonline.co\/wp-content\/uploads\/2021\/10\/cropped-logo.png","contentUrl":"https:\/\/siscomonline.co\/wp-content\/uploads\/2021\/10\/cropped-logo.png","width":1014,"height":259,"caption":"siscomonline"},"image":{"@id":"https:\/\/siscomonline.co\/#\/schema\/logo\/image\/"}}]}},"_links":{"self":[{"href":"https:\/\/siscomonline.co\/index.php?rest_route=\/wp\/v2\/pages\/185","targetHints":{"allow":["GET"]}}],"collection":[{"href":"https:\/\/siscomonline.co\/index.php?rest_route=\/wp\/v2\/pages"}],"about":[{"href":"https:\/\/siscomonline.co\/index.php?rest_route=\/wp\/v2\/types\/page"}],"author":[{"embeddable":true,"href":"https:\/\/siscomonline.co\/index.php?rest_route=\/wp\/v2\/users\/1"}],"replies":[{"embeddable":true,"href":"https:\/\/siscomonline.co\/index.php?rest_route=%2Fwp%2Fv2%2Fcomments&post=185"}],"version-history":[{"count":4,"href":"https:\/\/siscomonline.co\/index.php?rest_route=\/wp\/v2\/pages\/185\/revisions"}],"predecessor-version":[{"id":387,"href":"https:\/\/siscomonline.co\/index.php?rest_route=\/wp\/v2\/pages\/185\/revisions\/387"}],"wp:featuredmedia":[{"embeddable":true,"href":"https:\/\/siscomonline.co\/index.php?rest_route=\/wp\/v2\/media\/135"}],"wp:attachment":[{"href":"https:\/\/siscomonline.co\/index.php?rest_route=%2Fwp%2Fv2%2Fmedia&parent=185"}],"curies":[{"name":"wp","href":"https:\/\/api.w.org\/{rel}","templated":true}]}}