{"id":236,"date":"2021-10-06T10:47:24","date_gmt":"2021-10-06T15:47:24","guid":{"rendered":"https:\/\/siscomonline.co\/?page_id=236"},"modified":"2024-09-30T15:47:37","modified_gmt":"2024-09-30T20:47:37","slug":"cobertura","status":"publish","type":"page","link":"https:\/\/siscomonline.co\/?page_id=236","title":{"rendered":"Cobertura"},"content":{"rendered":"\n<figure class=\"wp-block-image size-large\"><img loading=\"lazy\" decoding=\"async\" width=\"1024\" height=\"550\" src=\"https:\/\/siscomonline.co\/wp-content\/uploads\/2021\/10\/topologia-siscom-1024x550.jpg\" alt=\"\" class=\"wp-image-256\" srcset=\"https:\/\/siscomonline.co\/wp-content\/uploads\/2021\/10\/topologia-siscom-1024x550.jpg 1024w, https:\/\/siscomonline.co\/wp-content\/uploads\/2021\/10\/topologia-siscom-300x161.jpg 300w, https:\/\/siscomonline.co\/wp-content\/uploads\/2021\/10\/topologia-siscom-768x413.jpg 768w, https:\/\/siscomonline.co\/wp-content\/uploads\/2021\/10\/topologia-siscom.jpg 1092w\" sizes=\"auto, (max-width: 1024px) 100vw, 1024px\" \/><\/figure>\n\n\n\n<p>Ofrecemos cobertura principalmente en la zona centro de Boyac\u00e1, garantizando un servicio estable y confiable mediante tecnolog\u00eda de radioenlace. Es importante considerar la visibilidad del punto de instalaci\u00f3n para asegurar una \u00f3ptima conectividad.<\/p>\n","protected":false},"excerpt":{"rendered":"<p>Ofrecemos cobertura principalmente en la zona centro de Boyac\u00e1, garantizando un servicio estable y confiable mediante tecnolog\u00eda de radioenlace. Es importante considerar la visibilidad del punto de instalaci\u00f3n para asegurar una \u00f3ptima conectividad.<\/p>\n","protected":false},"author":1,"featured_media":135,"parent":0,"menu_order":0,"comment_status":"closed","ping_status":"closed","template":"","meta":{"_monsterinsights_skip_tracking":false,"_monsterinsights_sitenote_active":false,"_monsterinsights_sitenote_note":"","_monsterinsights_sitenote_category":0,"_joinchat":[],"footnotes":""},"class_list":["post-236","page","type-page","status-publish","has-post-thumbnail","hentry"],"yoast_head":"<!-- This site is optimized with the Yoast SEO plugin v23.4 - https:\/\/yoast.com\/wordpress\/plugins\/seo\/ -->\n<title>Cobertura - siscomonline<\/title>\n<meta name=\"robots\" content=\"index, follow, max-snippet:-1, max-image-preview:large, max-video-preview:-1\" \/>\n<link rel=\"canonical\" href=\"https:\/\/siscomonline.co\/?page_id=236\" \/>\n<meta property=\"og:locale\" content=\"es_ES\" \/>\n<meta property=\"og:type\" content=\"article\" \/>\n<meta property=\"og:title\" content=\"Cobertura - siscomonline\" \/>\n<meta property=\"og:description\" content=\"Ofrecemos cobertura principalmente en la zona centro de Boyac\u00e1, garantizando un servicio estable y confiable mediante tecnolog\u00eda de radioenlace. Es importante considerar la visibilidad del punto de instalaci\u00f3n para asegurar una \u00f3ptima conectividad.\" \/>\n<meta property=\"og:url\" content=\"https:\/\/siscomonline.co\/?page_id=236\" \/>\n<meta property=\"og:site_name\" content=\"siscomonline\" \/>\n<meta property=\"article:modified_time\" content=\"2024-09-30T20:47:37+00:00\" \/>\n<meta property=\"og:image\" content=\"https:\/\/siscomonline.co\/wp-content\/uploads\/2021\/10\/logo_transp.png\" \/>\n\t<meta property=\"og:image:width\" content=\"1009\" \/>\n\t<meta property=\"og:image:height\" content=\"205\" \/>\n\t<meta property=\"og:image:type\" content=\"image\/png\" \/>\n<meta name=\"twitter:card\" content=\"summary_large_image\" \/>\n<meta name=\"twitter:label1\" content=\"Tiempo de lectura\" \/>\n\t<meta name=\"twitter:data1\" content=\"1 minuto\" \/>\n<script type=\"application\/ld+json\" class=\"yoast-schema-graph\">{\"@context\":\"https:\/\/schema.org\",\"@graph\":[{\"@type\":\"WebPage\",\"@id\":\"https:\/\/siscomonline.co\/?page_id=236\",\"url\":\"https:\/\/siscomonline.co\/?page_id=236\",\"name\":\"Cobertura - siscomonline\",\"isPartOf\":{\"@id\":\"https:\/\/siscomonline.co\/#website\"},\"primaryImageOfPage\":{\"@id\":\"https:\/\/siscomonline.co\/?page_id=236#primaryimage\"},\"image\":{\"@id\":\"https:\/\/siscomonline.co\/?page_id=236#primaryimage\"},\"thumbnailUrl\":\"https:\/\/siscomonline.co\/wp-content\/uploads\/2021\/10\/logo_transp.png\",\"datePublished\":\"2021-10-06T15:47:24+00:00\",\"dateModified\":\"2024-09-30T20:47:37+00:00\",\"breadcrumb\":{\"@id\":\"https:\/\/siscomonline.co\/?page_id=236#breadcrumb\"},\"inLanguage\":\"es-CO\",\"potentialAction\":[{\"@type\":\"ReadAction\",\"target\":[\"https:\/\/siscomonline.co\/?page_id=236\"]}]},{\"@type\":\"ImageObject\",\"inLanguage\":\"es-CO\",\"@id\":\"https:\/\/siscomonline.co\/?page_id=236#primaryimage\",\"url\":\"https:\/\/siscomonline.co\/wp-content\/uploads\/2021\/10\/logo_transp.png\",\"contentUrl\":\"https:\/\/siscomonline.co\/wp-content\/uploads\/2021\/10\/logo_transp.png\",\"width\":1009,\"height\":205},{\"@type\":\"BreadcrumbList\",\"@id\":\"https:\/\/siscomonline.co\/?page_id=236#breadcrumb\",\"itemListElement\":[{\"@type\":\"ListItem\",\"position\":1,\"name\":\"Inicio\",\"item\":\"https:\/\/siscomonline.co\/\"},{\"@type\":\"ListItem\",\"position\":2,\"name\":\"Cobertura\"}]},{\"@type\":\"WebSite\",\"@id\":\"https:\/\/siscomonline.co\/#website\",\"url\":\"https:\/\/siscomonline.co\/\",\"name\":\"siscomonline\",\"description\":\"SISTEMAS DE COMUNICACI\u00d3N EN LINEA S.A.S\",\"publisher\":{\"@id\":\"https:\/\/siscomonline.co\/#organization\"},\"potentialAction\":[{\"@type\":\"SearchAction\",\"target\":{\"@type\":\"EntryPoint\",\"urlTemplate\":\"https:\/\/siscomonline.co\/?s={search_term_string}\"},\"query-input\":{\"@type\":\"PropertyValueSpecification\",\"valueRequired\":true,\"valueName\":\"search_term_string\"}}],\"inLanguage\":\"es-CO\"},{\"@type\":\"Organization\",\"@id\":\"https:\/\/siscomonline.co\/#organization\",\"name\":\"siscomonline\",\"url\":\"https:\/\/siscomonline.co\/\",\"logo\":{\"@type\":\"ImageObject\",\"inLanguage\":\"es-CO\",\"@id\":\"https:\/\/siscomonline.co\/#\/schema\/logo\/image\/\",\"url\":\"https:\/\/siscomonline.co\/wp-content\/uploads\/2021\/10\/cropped-logo.png\",\"contentUrl\":\"https:\/\/siscomonline.co\/wp-content\/uploads\/2021\/10\/cropped-logo.png\",\"width\":1014,\"height\":259,\"caption\":\"siscomonline\"},\"image\":{\"@id\":\"https:\/\/siscomonline.co\/#\/schema\/logo\/image\/\"}}]}<\/script>\n<!-- \/ Yoast SEO plugin. -->","yoast_head_json":{"title":"Cobertura - siscomonline","robots":{"index":"index","follow":"follow","max-snippet":"max-snippet:-1","max-image-preview":"max-image-preview:large","max-video-preview":"max-video-preview:-1"},"canonical":"https:\/\/siscomonline.co\/?page_id=236","og_locale":"es_ES","og_type":"article","og_title":"Cobertura - siscomonline","og_description":"Ofrecemos cobertura principalmente en la zona centro de Boyac\u00e1, garantizando un servicio estable y confiable mediante tecnolog\u00eda de radioenlace. Es importante considerar la visibilidad del punto de instalaci\u00f3n para asegurar una \u00f3ptima conectividad.","og_url":"https:\/\/siscomonline.co\/?page_id=236","og_site_name":"siscomonline","article_modified_time":"2024-09-30T20:47:37+00:00","og_image":[{"width":1009,"height":205,"url":"https:\/\/siscomonline.co\/wp-content\/uploads\/2021\/10\/logo_transp.png","type":"image\/png"}],"twitter_card":"summary_large_image","twitter_misc":{"Tiempo de lectura":"1 minuto"},"schema":{"@context":"https:\/\/schema.org","@graph":[{"@type":"WebPage","@id":"https:\/\/siscomonline.co\/?page_id=236","url":"https:\/\/siscomonline.co\/?page_id=236","name":"Cobertura - siscomonline","isPartOf":{"@id":"https:\/\/siscomonline.co\/#website"},"primaryImageOfPage":{"@id":"https:\/\/siscomonline.co\/?page_id=236#primaryimage"},"image":{"@id":"https:\/\/siscomonline.co\/?page_id=236#primaryimage"},"thumbnailUrl":"https:\/\/siscomonline.co\/wp-content\/uploads\/2021\/10\/logo_transp.png","datePublished":"2021-10-06T15:47:24+00:00","dateModified":"2024-09-30T20:47:37+00:00","breadcrumb":{"@id":"https:\/\/siscomonline.co\/?page_id=236#breadcrumb"},"inLanguage":"es-CO","potentialAction":[{"@type":"ReadAction","target":["https:\/\/siscomonline.co\/?page_id=236"]}]},{"@type":"ImageObject","inLanguage":"es-CO","@id":"https:\/\/siscomonline.co\/?page_id=236#primaryimage","url":"https:\/\/siscomonline.co\/wp-content\/uploads\/2021\/10\/logo_transp.png","contentUrl":"https:\/\/siscomonline.co\/wp-content\/uploads\/2021\/10\/logo_transp.png","width":1009,"height":205},{"@type":"BreadcrumbList","@id":"https:\/\/siscomonline.co\/?page_id=236#breadcrumb","itemListElement":[{"@type":"ListItem","position":1,"name":"Inicio","item":"https:\/\/siscomonline.co\/"},{"@type":"ListItem","position":2,"name":"Cobertura"}]},{"@type":"WebSite","@id":"https:\/\/siscomonline.co\/#website","url":"https:\/\/siscomonline.co\/","name":"siscomonline","description":"SISTEMAS DE COMUNICACI\u00d3N EN LINEA S.A.S","publisher":{"@id":"https:\/\/siscomonline.co\/#organization"},"potentialAction":[{"@type":"SearchAction","target":{"@type":"EntryPoint","urlTemplate":"https:\/\/siscomonline.co\/?s={search_term_string}"},"query-input":{"@type":"PropertyValueSpecification","valueRequired":true,"valueName":"search_term_string"}}],"inLanguage":"es-CO"},{"@type":"Organization","@id":"https:\/\/siscomonline.co\/#organization","name":"siscomonline","url":"https:\/\/siscomonline.co\/","logo":{"@type":"ImageObject","inLanguage":"es-CO","@id":"https:\/\/siscomonline.co\/#\/schema\/logo\/image\/","url":"https:\/\/siscomonline.co\/wp-content\/uploads\/2021\/10\/cropped-logo.png","contentUrl":"https:\/\/siscomonline.co\/wp-content\/uploads\/2021\/10\/cropped-logo.png","width":1014,"height":259,"caption":"siscomonline"},"image":{"@id":"https:\/\/siscomonline.co\/#\/schema\/logo\/image\/"}}]}},"_links":{"self":[{"href":"https:\/\/siscomonline.co\/index.php?rest_route=\/wp\/v2\/pages\/236","targetHints":{"allow":["GET"]}}],"collection":[{"href":"https:\/\/siscomonline.co\/index.php?rest_route=\/wp\/v2\/pages"}],"about":[{"href":"https:\/\/siscomonline.co\/index.php?rest_route=\/wp\/v2\/types\/page"}],"author":[{"embeddable":true,"href":"https:\/\/siscomonline.co\/index.php?rest_route=\/wp\/v2\/users\/1"}],"replies":[{"embeddable":true,"href":"https:\/\/siscomonline.co\/index.php?rest_route=%2Fwp%2Fv2%2Fcomments&post=236"}],"version-history":[{"count":3,"href":"https:\/\/siscomonline.co\/index.php?rest_route=\/wp\/v2\/pages\/236\/revisions"}],"predecessor-version":[{"id":382,"href":"https:\/\/siscomonline.co\/index.php?rest_route=\/wp\/v2\/pages\/236\/revisions\/382"}],"wp:featuredmedia":[{"embeddable":true,"href":"https:\/\/siscomonline.co\/index.php?rest_route=\/wp\/v2\/media\/135"}],"wp:attachment":[{"href":"https:\/\/siscomonline.co\/index.php?rest_route=%2Fwp%2Fv2%2Fmedia&parent=236"}],"curies":[{"name":"wp","href":"https:\/\/api.w.org\/{rel}","templated":true}]}}