{"id":32,"date":"2021-10-03T20:50:18","date_gmt":"2021-10-04T01:50:18","guid":{"rendered":"https:\/\/siscomonline.co\/?page_id=32"},"modified":"2024-09-23T10:37:36","modified_gmt":"2024-09-23T15:37:36","slug":"telecomunicaciones","status":"publish","type":"page","link":"https:\/\/siscomonline.co\/?page_id=32","title":{"rendered":"Internet"},"content":{"rendered":"\n<h2 class=\"wp-block-heading\"><strong>Enlaces&nbsp; PTP y PTM con enlaces Microondas y Wifi<\/strong><\/h2>\n\n\n\n<p>La experiencia que hemos ganado en los \u00faltimos a\u00f1os nos da la capacidad de ofrecerle el estudio, implementaci\u00f3n y soporte a las soluciones de conectividad de enlaces Punto a Punto y Punto a Multipunto, que su empresa u organizaci\u00f3n necesita, con la utilizaci\u00f3n de equipos de \u00faltima tecnolog\u00eda, que garantizan la estabilidad de la conexi\u00f3n, con marcas reconocidas en el mercado, como los son Motorola\u00ae, Cisco\u00ae, Ubiquiti\u00ae, Mikrotik\u00ae, Alfa Network\u00ae, entre otras.<br>La distancia se reduce al m\u00ednimo ya que podemos ofrecerle enlaces de varios Kil\u00f3metros, inclusive entre ciudades, As\u00ed que si tiene varias sedes ubicadas geogr\u00e1ficamente distantes, SISCOM ON LINE S.A.S. le ofrece la soluci\u00f3n que usted realmente necesita.<\/p>\n\n\n<div class=\"wp-block-image\">\n<figure class=\"aligncenter size-large is-resized\"><img loading=\"lazy\" decoding=\"async\" width=\"823\" height=\"1024\" src=\"https:\/\/siscomonline.co\/wp-content\/uploads\/2021\/10\/WhatsApp-Image-2021-10-02-at-8.07.38-AM-4-823x1024.jpeg\" alt=\"\" class=\"wp-image-39\" style=\"width:412px;height:512px\" srcset=\"https:\/\/siscomonline.co\/wp-content\/uploads\/2021\/10\/WhatsApp-Image-2021-10-02-at-8.07.38-AM-4-823x1024.jpeg 823w, https:\/\/siscomonline.co\/wp-content\/uploads\/2021\/10\/WhatsApp-Image-2021-10-02-at-8.07.38-AM-4-241x300.jpeg 241w, https:\/\/siscomonline.co\/wp-content\/uploads\/2021\/10\/WhatsApp-Image-2021-10-02-at-8.07.38-AM-4-768x956.jpeg 768w, https:\/\/siscomonline.co\/wp-content\/uploads\/2021\/10\/WhatsApp-Image-2021-10-02-at-8.07.38-AM-4.jpeg 1198w\" sizes=\"auto, (max-width: 823px) 100vw, 823px\" \/><\/figure>\n<\/div>\n\n\n<p><\/p>\n\n\n\n<h2 class=\"wp-block-heading\"><strong>Servicios de Internet <\/strong><\/h2>\n\n\n\n<p>El servicio de Internet le permite estar en contacto con los diferentes amigos, clientes, proveedores y dem\u00e1s usuarios seg\u00fan necesidades. As\u00ed mismo si tiene un negocio, es una oportunidad para que este crezca, teniendo una \u00fatil y excelente fuente de informaci\u00f3n en cuanto a las tendencias del mercado. Este servicio es suministrado por SISCOM ON LINE S.A.S. en donde ofrecemos varias opciones.<\/p>\n\n\n\n<ul class=\"wp-block-list\">\n<li>Internet: 10Megas<\/li>\n\n\n\n<li>Internet: 20Megas<\/li>\n\n\n\n<li>Internet: 30Megas<\/li>\n\n\n\n<li>Internet: 40Megas<\/li>\n\n\n\n<li>Internet: 50Megas<\/li>\n\n\n\n<li>Internet: 60Megas<\/li>\n<\/ul>\n","protected":false},"excerpt":{"rendered":"<p>Enlaces&nbsp; PTP y PTM con enlaces Microondas y Wifi La experiencia que hemos ganado en los \u00faltimos a\u00f1os nos da la capacidad de ofrecerle el estudio, implementaci\u00f3n y soporte a las soluciones de conectividad de enlaces Punto a Punto y Punto a Multipunto, que su empresa u organizaci\u00f3n necesita, con la utilizaci\u00f3n de equipos de [&hellip;]<\/p>\n","protected":false},"author":1,"featured_media":10,"parent":0,"menu_order":0,"comment_status":"closed","ping_status":"closed","template":"","meta":{"_monsterinsights_skip_tracking":false,"_monsterinsights_sitenote_active":false,"_monsterinsights_sitenote_note":"","_monsterinsights_sitenote_category":0,"_joinchat":[],"footnotes":""},"class_list":["post-32","page","type-page","status-publish","has-post-thumbnail","hentry"],"yoast_head":"<!-- This site is optimized with the Yoast SEO plugin v23.4 - https:\/\/yoast.com\/wordpress\/plugins\/seo\/ -->\n<title>Internet - siscomonline<\/title>\n<meta name=\"robots\" content=\"index, follow, max-snippet:-1, max-image-preview:large, max-video-preview:-1\" \/>\n<link rel=\"canonical\" href=\"https:\/\/siscomonline.co\/?page_id=32\" \/>\n<meta property=\"og:locale\" content=\"es_ES\" \/>\n<meta property=\"og:type\" content=\"article\" \/>\n<meta property=\"og:title\" content=\"Internet - siscomonline\" \/>\n<meta property=\"og:description\" content=\"Enlaces&nbsp; PTP y PTM con enlaces Microondas y Wifi La experiencia que hemos ganado en los \u00faltimos a\u00f1os nos da la capacidad de ofrecerle el estudio, implementaci\u00f3n y soporte a las soluciones de conectividad de enlaces Punto a Punto y Punto a Multipunto, que su empresa u organizaci\u00f3n necesita, con la utilizaci\u00f3n de equipos de [&hellip;]\" \/>\n<meta property=\"og:url\" content=\"https:\/\/siscomonline.co\/?page_id=32\" \/>\n<meta property=\"og:site_name\" content=\"siscomonline\" \/>\n<meta property=\"article:modified_time\" content=\"2024-09-23T15:37:36+00:00\" \/>\n<meta property=\"og:image\" content=\"https:\/\/siscomonline.co\/wp-content\/uploads\/2021\/10\/logo.png\" \/>\n\t<meta property=\"og:image:width\" content=\"1035\" \/>\n\t<meta property=\"og:image:height\" content=\"259\" \/>\n\t<meta property=\"og:image:type\" content=\"image\/png\" \/>\n<meta name=\"twitter:card\" content=\"summary_large_image\" \/>\n<meta name=\"twitter:label1\" content=\"Tiempo de lectura\" \/>\n\t<meta name=\"twitter:data1\" content=\"2 minutos\" \/>\n<script type=\"application\/ld+json\" class=\"yoast-schema-graph\">{\"@context\":\"https:\/\/schema.org\",\"@graph\":[{\"@type\":\"WebPage\",\"@id\":\"https:\/\/siscomonline.co\/?page_id=32\",\"url\":\"https:\/\/siscomonline.co\/?page_id=32\",\"name\":\"Internet - siscomonline\",\"isPartOf\":{\"@id\":\"https:\/\/siscomonline.co\/#website\"},\"primaryImageOfPage\":{\"@id\":\"https:\/\/siscomonline.co\/?page_id=32#primaryimage\"},\"image\":{\"@id\":\"https:\/\/siscomonline.co\/?page_id=32#primaryimage\"},\"thumbnailUrl\":\"https:\/\/siscomonline.co\/wp-content\/uploads\/2021\/10\/logo.png\",\"datePublished\":\"2021-10-04T01:50:18+00:00\",\"dateModified\":\"2024-09-23T15:37:36+00:00\",\"breadcrumb\":{\"@id\":\"https:\/\/siscomonline.co\/?page_id=32#breadcrumb\"},\"inLanguage\":\"es-CO\",\"potentialAction\":[{\"@type\":\"ReadAction\",\"target\":[\"https:\/\/siscomonline.co\/?page_id=32\"]}]},{\"@type\":\"ImageObject\",\"inLanguage\":\"es-CO\",\"@id\":\"https:\/\/siscomonline.co\/?page_id=32#primaryimage\",\"url\":\"https:\/\/siscomonline.co\/wp-content\/uploads\/2021\/10\/logo.png\",\"contentUrl\":\"https:\/\/siscomonline.co\/wp-content\/uploads\/2021\/10\/logo.png\",\"width\":1035,\"height\":259,\"caption\":\"siscomOnline\"},{\"@type\":\"BreadcrumbList\",\"@id\":\"https:\/\/siscomonline.co\/?page_id=32#breadcrumb\",\"itemListElement\":[{\"@type\":\"ListItem\",\"position\":1,\"name\":\"Inicio\",\"item\":\"https:\/\/siscomonline.co\/\"},{\"@type\":\"ListItem\",\"position\":2,\"name\":\"Internet\"}]},{\"@type\":\"WebSite\",\"@id\":\"https:\/\/siscomonline.co\/#website\",\"url\":\"https:\/\/siscomonline.co\/\",\"name\":\"siscomonline\",\"description\":\"SISTEMAS DE COMUNICACI\u00d3N EN LINEA S.A.S\",\"publisher\":{\"@id\":\"https:\/\/siscomonline.co\/#organization\"},\"potentialAction\":[{\"@type\":\"SearchAction\",\"target\":{\"@type\":\"EntryPoint\",\"urlTemplate\":\"https:\/\/siscomonline.co\/?s={search_term_string}\"},\"query-input\":{\"@type\":\"PropertyValueSpecification\",\"valueRequired\":true,\"valueName\":\"search_term_string\"}}],\"inLanguage\":\"es-CO\"},{\"@type\":\"Organization\",\"@id\":\"https:\/\/siscomonline.co\/#organization\",\"name\":\"siscomonline\",\"url\":\"https:\/\/siscomonline.co\/\",\"logo\":{\"@type\":\"ImageObject\",\"inLanguage\":\"es-CO\",\"@id\":\"https:\/\/siscomonline.co\/#\/schema\/logo\/image\/\",\"url\":\"https:\/\/siscomonline.co\/wp-content\/uploads\/2021\/10\/cropped-logo.png\",\"contentUrl\":\"https:\/\/siscomonline.co\/wp-content\/uploads\/2021\/10\/cropped-logo.png\",\"width\":1014,\"height\":259,\"caption\":\"siscomonline\"},\"image\":{\"@id\":\"https:\/\/siscomonline.co\/#\/schema\/logo\/image\/\"}}]}<\/script>\n<!-- \/ Yoast SEO plugin. -->","yoast_head_json":{"title":"Internet - siscomonline","robots":{"index":"index","follow":"follow","max-snippet":"max-snippet:-1","max-image-preview":"max-image-preview:large","max-video-preview":"max-video-preview:-1"},"canonical":"https:\/\/siscomonline.co\/?page_id=32","og_locale":"es_ES","og_type":"article","og_title":"Internet - siscomonline","og_description":"Enlaces&nbsp; PTP y PTM con enlaces Microondas y Wifi La experiencia que hemos ganado en los \u00faltimos a\u00f1os nos da la capacidad de ofrecerle el estudio, implementaci\u00f3n y soporte a las soluciones de conectividad de enlaces Punto a Punto y Punto a Multipunto, que su empresa u organizaci\u00f3n necesita, con la utilizaci\u00f3n de equipos de [&hellip;]","og_url":"https:\/\/siscomonline.co\/?page_id=32","og_site_name":"siscomonline","article_modified_time":"2024-09-23T15:37:36+00:00","og_image":[{"width":1035,"height":259,"url":"https:\/\/siscomonline.co\/wp-content\/uploads\/2021\/10\/logo.png","type":"image\/png"}],"twitter_card":"summary_large_image","twitter_misc":{"Tiempo de lectura":"2 minutos"},"schema":{"@context":"https:\/\/schema.org","@graph":[{"@type":"WebPage","@id":"https:\/\/siscomonline.co\/?page_id=32","url":"https:\/\/siscomonline.co\/?page_id=32","name":"Internet - siscomonline","isPartOf":{"@id":"https:\/\/siscomonline.co\/#website"},"primaryImageOfPage":{"@id":"https:\/\/siscomonline.co\/?page_id=32#primaryimage"},"image":{"@id":"https:\/\/siscomonline.co\/?page_id=32#primaryimage"},"thumbnailUrl":"https:\/\/siscomonline.co\/wp-content\/uploads\/2021\/10\/logo.png","datePublished":"2021-10-04T01:50:18+00:00","dateModified":"2024-09-23T15:37:36+00:00","breadcrumb":{"@id":"https:\/\/siscomonline.co\/?page_id=32#breadcrumb"},"inLanguage":"es-CO","potentialAction":[{"@type":"ReadAction","target":["https:\/\/siscomonline.co\/?page_id=32"]}]},{"@type":"ImageObject","inLanguage":"es-CO","@id":"https:\/\/siscomonline.co\/?page_id=32#primaryimage","url":"https:\/\/siscomonline.co\/wp-content\/uploads\/2021\/10\/logo.png","contentUrl":"https:\/\/siscomonline.co\/wp-content\/uploads\/2021\/10\/logo.png","width":1035,"height":259,"caption":"siscomOnline"},{"@type":"BreadcrumbList","@id":"https:\/\/siscomonline.co\/?page_id=32#breadcrumb","itemListElement":[{"@type":"ListItem","position":1,"name":"Inicio","item":"https:\/\/siscomonline.co\/"},{"@type":"ListItem","position":2,"name":"Internet"}]},{"@type":"WebSite","@id":"https:\/\/siscomonline.co\/#website","url":"https:\/\/siscomonline.co\/","name":"siscomonline","description":"SISTEMAS DE COMUNICACI\u00d3N EN LINEA S.A.S","publisher":{"@id":"https:\/\/siscomonline.co\/#organization"},"potentialAction":[{"@type":"SearchAction","target":{"@type":"EntryPoint","urlTemplate":"https:\/\/siscomonline.co\/?s={search_term_string}"},"query-input":{"@type":"PropertyValueSpecification","valueRequired":true,"valueName":"search_term_string"}}],"inLanguage":"es-CO"},{"@type":"Organization","@id":"https:\/\/siscomonline.co\/#organization","name":"siscomonline","url":"https:\/\/siscomonline.co\/","logo":{"@type":"ImageObject","inLanguage":"es-CO","@id":"https:\/\/siscomonline.co\/#\/schema\/logo\/image\/","url":"https:\/\/siscomonline.co\/wp-content\/uploads\/2021\/10\/cropped-logo.png","contentUrl":"https:\/\/siscomonline.co\/wp-content\/uploads\/2021\/10\/cropped-logo.png","width":1014,"height":259,"caption":"siscomonline"},"image":{"@id":"https:\/\/siscomonline.co\/#\/schema\/logo\/image\/"}}]}},"_links":{"self":[{"href":"https:\/\/siscomonline.co\/index.php?rest_route=\/wp\/v2\/pages\/32","targetHints":{"allow":["GET"]}}],"collection":[{"href":"https:\/\/siscomonline.co\/index.php?rest_route=\/wp\/v2\/pages"}],"about":[{"href":"https:\/\/siscomonline.co\/index.php?rest_route=\/wp\/v2\/types\/page"}],"author":[{"embeddable":true,"href":"https:\/\/siscomonline.co\/index.php?rest_route=\/wp\/v2\/users\/1"}],"replies":[{"embeddable":true,"href":"https:\/\/siscomonline.co\/index.php?rest_route=%2Fwp%2Fv2%2Fcomments&post=32"}],"version-history":[{"count":14,"href":"https:\/\/siscomonline.co\/index.php?rest_route=\/wp\/v2\/pages\/32\/revisions"}],"predecessor-version":[{"id":293,"href":"https:\/\/siscomonline.co\/index.php?rest_route=\/wp\/v2\/pages\/32\/revisions\/293"}],"wp:featuredmedia":[{"embeddable":true,"href":"https:\/\/siscomonline.co\/index.php?rest_route=\/wp\/v2\/media\/10"}],"wp:attachment":[{"href":"https:\/\/siscomonline.co\/index.php?rest_route=%2Fwp%2Fv2%2Fmedia&parent=32"}],"curies":[{"name":"wp","href":"https:\/\/api.w.org\/{rel}","templated":true}]}}