{"id":56,"date":"2021-10-03T22:21:08","date_gmt":"2021-10-04T03:21:08","guid":{"rendered":"https:\/\/siscomonline.co\/?page_id=56"},"modified":"2024-09-23T16:33:11","modified_gmt":"2024-09-23T21:33:11","slug":"seguridad-ip","status":"publish","type":"page","link":"https:\/\/siscomonline.co\/?page_id=56","title":{"rendered":"Seguridad IP"},"content":{"rendered":"\n<h2 class=\"wp-block-heading\">C\u00e1maras de seguridad cableada e inal\u00e1mbrica<\/h2>\n\n\n\n<p> La experiencia que hemos ganado en los \u00faltimos a\u00f1os nos da la capacidad de ofrecerle el estudio, implementaci\u00f3n y soporte a las soluciones de conectividad de enlaces Punto a Punto y Punto a Multipunto, que su empresa u organizaci\u00f3n necesita, con la utilizaci\u00f3n de equipos de \u00faltima tecnolog\u00eda, que garantizan la estabilidad de la conexi\u00f3n, con marcas reconocidas en el mercado, como los son Motorola\u00ae, Cisco\u00ae, Ubiquiti\u00ae, Mikrotik\u00ae, Alfa Network\u00ae, entre otras. La distancia se reduce al m\u00ednimo ya que podemos ofrecerle enlaces de varios Kil\u00f3metros, inclusive entre ciudades, As\u00ed que si tiene varias sedes ubicadas geogr\u00e1ficamente distantes, <strong>SISCOM ON LINE&nbsp; S.A.S. <\/strong>le ofrece la soluci\u00f3n que usted realmente necesita <\/p>\n\n\n\n<p><\/p>\n\n\n\n<figure class=\"wp-block-gallery has-nested-images columns-default is-cropped wp-block-gallery-1 is-layout-flex wp-block-gallery-is-layout-flex\">\n<figure class=\"wp-block-image size-large\"><img loading=\"lazy\" decoding=\"async\" width=\"1024\" height=\"683\" data-id=\"302\" src=\"https:\/\/siscomonline.co\/wp-content\/uploads\/2024\/09\/surveillance-camera-built-into-stone-wall-building-1024x683.jpg\" alt=\"\" class=\"wp-image-302\" srcset=\"https:\/\/siscomonline.co\/wp-content\/uploads\/2024\/09\/surveillance-camera-built-into-stone-wall-building-1024x683.jpg 1024w, https:\/\/siscomonline.co\/wp-content\/uploads\/2024\/09\/surveillance-camera-built-into-stone-wall-building-300x200.jpg 300w, https:\/\/siscomonline.co\/wp-content\/uploads\/2024\/09\/surveillance-camera-built-into-stone-wall-building-768x512.jpg 768w, https:\/\/siscomonline.co\/wp-content\/uploads\/2024\/09\/surveillance-camera-built-into-stone-wall-building-1536x1024.jpg 1536w, https:\/\/siscomonline.co\/wp-content\/uploads\/2024\/09\/surveillance-camera-built-into-stone-wall-building-2048x1365.jpg 2048w\" sizes=\"auto, (max-width: 1024px) 100vw, 1024px\" \/><\/figure>\n\n\n\n<figure class=\"wp-block-image size-large\"><img loading=\"lazy\" decoding=\"async\" width=\"1707\" height=\"2560\" data-id=\"304\" src=\"https:\/\/siscomonline.co\/wp-content\/uploads\/2024\/09\/cctv-camera-front-building-edited-scaled.jpg\" alt=\"\" class=\"wp-image-304\" srcset=\"https:\/\/siscomonline.co\/wp-content\/uploads\/2024\/09\/cctv-camera-front-building-edited-scaled.jpg 1707w, https:\/\/siscomonline.co\/wp-content\/uploads\/2024\/09\/cctv-camera-front-building-edited-200x300.jpg 200w, https:\/\/siscomonline.co\/wp-content\/uploads\/2024\/09\/cctv-camera-front-building-edited-683x1024.jpg 683w, https:\/\/siscomonline.co\/wp-content\/uploads\/2024\/09\/cctv-camera-front-building-edited-768x1152.jpg 768w, https:\/\/siscomonline.co\/wp-content\/uploads\/2024\/09\/cctv-camera-front-building-edited-1024x1536.jpg 1024w, https:\/\/siscomonline.co\/wp-content\/uploads\/2024\/09\/cctv-camera-front-building-edited-1365x2048.jpg 1365w\" sizes=\"auto, (max-width: 1707px) 100vw, 1707px\" \/><\/figure>\n\n\n\n<figure class=\"wp-block-image size-full\"><img loading=\"lazy\" decoding=\"async\" width=\"628\" height=\"800\" data-id=\"305\" src=\"https:\/\/siscomonline.co\/wp-content\/uploads\/2024\/09\/6d814162a0caf9554472408c7dd19342.jpg\" alt=\"\" class=\"wp-image-305\" srcset=\"https:\/\/siscomonline.co\/wp-content\/uploads\/2024\/09\/6d814162a0caf9554472408c7dd19342.jpg 628w, https:\/\/siscomonline.co\/wp-content\/uploads\/2024\/09\/6d814162a0caf9554472408c7dd19342-236x300.jpg 236w\" sizes=\"auto, (max-width: 628px) 100vw, 628px\" \/><\/figure>\n\n\n\n<figure class=\"wp-block-image size-full\"><img loading=\"lazy\" decoding=\"async\" width=\"563\" height=\"406\" data-id=\"306\" src=\"https:\/\/siscomonline.co\/wp-content\/uploads\/2024\/09\/cdcf9a59a033b5af13bb2a9bdefd75c3.jpg\" alt=\"\" class=\"wp-image-306\" srcset=\"https:\/\/siscomonline.co\/wp-content\/uploads\/2024\/09\/cdcf9a59a033b5af13bb2a9bdefd75c3.jpg 563w, https:\/\/siscomonline.co\/wp-content\/uploads\/2024\/09\/cdcf9a59a033b5af13bb2a9bdefd75c3-300x216.jpg 300w\" sizes=\"auto, (max-width: 563px) 100vw, 563px\" \/><\/figure>\n\n\n\n<figure class=\"wp-block-image size-full\"><img loading=\"lazy\" decoding=\"async\" width=\"563\" height=\"463\" data-id=\"308\" src=\"https:\/\/siscomonline.co\/wp-content\/uploads\/2024\/09\/048035b1cf6168c357854991ace4a119.jpg\" alt=\"\" class=\"wp-image-308\" srcset=\"https:\/\/siscomonline.co\/wp-content\/uploads\/2024\/09\/048035b1cf6168c357854991ace4a119.jpg 563w, https:\/\/siscomonline.co\/wp-content\/uploads\/2024\/09\/048035b1cf6168c357854991ace4a119-300x247.jpg 300w\" sizes=\"auto, (max-width: 563px) 100vw, 563px\" \/><\/figure>\n<\/figure>\n\n\n\n<p><\/p>\n","protected":false},"excerpt":{"rendered":"<p>C\u00e1maras de seguridad cableada e inal\u00e1mbrica La experiencia que hemos ganado en los \u00faltimos a\u00f1os nos da la capacidad de ofrecerle el estudio, implementaci\u00f3n y soporte a las soluciones de conectividad de enlaces Punto a Punto y Punto a Multipunto, que su empresa u organizaci\u00f3n necesita, con la utilizaci\u00f3n de equipos de \u00faltima tecnolog\u00eda, que [&hellip;]<\/p>\n","protected":false},"author":1,"featured_media":10,"parent":0,"menu_order":0,"comment_status":"closed","ping_status":"closed","template":"","meta":{"_monsterinsights_skip_tracking":false,"_monsterinsights_sitenote_active":false,"_monsterinsights_sitenote_note":"","_monsterinsights_sitenote_category":0,"_joinchat":[],"footnotes":""},"class_list":["post-56","page","type-page","status-publish","has-post-thumbnail","hentry"],"yoast_head":"<!-- This site is optimized with the Yoast SEO plugin v23.4 - https:\/\/yoast.com\/wordpress\/plugins\/seo\/ -->\n<title>Seguridad IP - siscomonline<\/title>\n<meta name=\"robots\" content=\"index, follow, max-snippet:-1, max-image-preview:large, max-video-preview:-1\" \/>\n<link rel=\"canonical\" href=\"https:\/\/siscomonline.co\/?page_id=56\" \/>\n<meta property=\"og:locale\" content=\"es_ES\" \/>\n<meta property=\"og:type\" content=\"article\" \/>\n<meta property=\"og:title\" content=\"Seguridad IP - siscomonline\" \/>\n<meta property=\"og:description\" content=\"C\u00e1maras de seguridad cableada e inal\u00e1mbrica La experiencia que hemos ganado en los \u00faltimos a\u00f1os nos da la capacidad de ofrecerle el estudio, implementaci\u00f3n y soporte a las soluciones de conectividad de enlaces Punto a Punto y Punto a Multipunto, que su empresa u organizaci\u00f3n necesita, con la utilizaci\u00f3n de equipos de \u00faltima tecnolog\u00eda, que [&hellip;]\" \/>\n<meta property=\"og:url\" content=\"https:\/\/siscomonline.co\/?page_id=56\" \/>\n<meta property=\"og:site_name\" content=\"siscomonline\" \/>\n<meta property=\"article:modified_time\" content=\"2024-09-23T21:33:11+00:00\" \/>\n<meta property=\"og:image\" content=\"https:\/\/siscomonline.co\/wp-content\/uploads\/2021\/10\/logo.png\" \/>\n\t<meta property=\"og:image:width\" content=\"1035\" \/>\n\t<meta property=\"og:image:height\" content=\"259\" \/>\n\t<meta property=\"og:image:type\" content=\"image\/png\" \/>\n<meta name=\"twitter:card\" content=\"summary_large_image\" \/>\n<meta name=\"twitter:label1\" content=\"Tiempo de lectura\" \/>\n\t<meta name=\"twitter:data1\" content=\"1 minuto\" \/>\n<script type=\"application\/ld+json\" class=\"yoast-schema-graph\">{\"@context\":\"https:\/\/schema.org\",\"@graph\":[{\"@type\":\"WebPage\",\"@id\":\"https:\/\/siscomonline.co\/?page_id=56\",\"url\":\"https:\/\/siscomonline.co\/?page_id=56\",\"name\":\"Seguridad IP - siscomonline\",\"isPartOf\":{\"@id\":\"https:\/\/siscomonline.co\/#website\"},\"primaryImageOfPage\":{\"@id\":\"https:\/\/siscomonline.co\/?page_id=56#primaryimage\"},\"image\":{\"@id\":\"https:\/\/siscomonline.co\/?page_id=56#primaryimage\"},\"thumbnailUrl\":\"https:\/\/siscomonline.co\/wp-content\/uploads\/2021\/10\/logo.png\",\"datePublished\":\"2021-10-04T03:21:08+00:00\",\"dateModified\":\"2024-09-23T21:33:11+00:00\",\"breadcrumb\":{\"@id\":\"https:\/\/siscomonline.co\/?page_id=56#breadcrumb\"},\"inLanguage\":\"es-CO\",\"potentialAction\":[{\"@type\":\"ReadAction\",\"target\":[\"https:\/\/siscomonline.co\/?page_id=56\"]}]},{\"@type\":\"ImageObject\",\"inLanguage\":\"es-CO\",\"@id\":\"https:\/\/siscomonline.co\/?page_id=56#primaryimage\",\"url\":\"https:\/\/siscomonline.co\/wp-content\/uploads\/2021\/10\/logo.png\",\"contentUrl\":\"https:\/\/siscomonline.co\/wp-content\/uploads\/2021\/10\/logo.png\",\"width\":1035,\"height\":259,\"caption\":\"siscomOnline\"},{\"@type\":\"BreadcrumbList\",\"@id\":\"https:\/\/siscomonline.co\/?page_id=56#breadcrumb\",\"itemListElement\":[{\"@type\":\"ListItem\",\"position\":1,\"name\":\"Inicio\",\"item\":\"https:\/\/siscomonline.co\/\"},{\"@type\":\"ListItem\",\"position\":2,\"name\":\"Seguridad IP\"}]},{\"@type\":\"WebSite\",\"@id\":\"https:\/\/siscomonline.co\/#website\",\"url\":\"https:\/\/siscomonline.co\/\",\"name\":\"siscomonline\",\"description\":\"SISTEMAS DE COMUNICACI\u00d3N EN LINEA S.A.S\",\"publisher\":{\"@id\":\"https:\/\/siscomonline.co\/#organization\"},\"potentialAction\":[{\"@type\":\"SearchAction\",\"target\":{\"@type\":\"EntryPoint\",\"urlTemplate\":\"https:\/\/siscomonline.co\/?s={search_term_string}\"},\"query-input\":{\"@type\":\"PropertyValueSpecification\",\"valueRequired\":true,\"valueName\":\"search_term_string\"}}],\"inLanguage\":\"es-CO\"},{\"@type\":\"Organization\",\"@id\":\"https:\/\/siscomonline.co\/#organization\",\"name\":\"siscomonline\",\"url\":\"https:\/\/siscomonline.co\/\",\"logo\":{\"@type\":\"ImageObject\",\"inLanguage\":\"es-CO\",\"@id\":\"https:\/\/siscomonline.co\/#\/schema\/logo\/image\/\",\"url\":\"https:\/\/siscomonline.co\/wp-content\/uploads\/2021\/10\/cropped-logo.png\",\"contentUrl\":\"https:\/\/siscomonline.co\/wp-content\/uploads\/2021\/10\/cropped-logo.png\",\"width\":1014,\"height\":259,\"caption\":\"siscomonline\"},\"image\":{\"@id\":\"https:\/\/siscomonline.co\/#\/schema\/logo\/image\/\"}}]}<\/script>\n<!-- \/ Yoast SEO plugin. -->","yoast_head_json":{"title":"Seguridad IP - siscomonline","robots":{"index":"index","follow":"follow","max-snippet":"max-snippet:-1","max-image-preview":"max-image-preview:large","max-video-preview":"max-video-preview:-1"},"canonical":"https:\/\/siscomonline.co\/?page_id=56","og_locale":"es_ES","og_type":"article","og_title":"Seguridad IP - siscomonline","og_description":"C\u00e1maras de seguridad cableada e inal\u00e1mbrica La experiencia que hemos ganado en los \u00faltimos a\u00f1os nos da la capacidad de ofrecerle el estudio, implementaci\u00f3n y soporte a las soluciones de conectividad de enlaces Punto a Punto y Punto a Multipunto, que su empresa u organizaci\u00f3n necesita, con la utilizaci\u00f3n de equipos de \u00faltima tecnolog\u00eda, que [&hellip;]","og_url":"https:\/\/siscomonline.co\/?page_id=56","og_site_name":"siscomonline","article_modified_time":"2024-09-23T21:33:11+00:00","og_image":[{"width":1035,"height":259,"url":"https:\/\/siscomonline.co\/wp-content\/uploads\/2021\/10\/logo.png","type":"image\/png"}],"twitter_card":"summary_large_image","twitter_misc":{"Tiempo de lectura":"1 minuto"},"schema":{"@context":"https:\/\/schema.org","@graph":[{"@type":"WebPage","@id":"https:\/\/siscomonline.co\/?page_id=56","url":"https:\/\/siscomonline.co\/?page_id=56","name":"Seguridad IP - siscomonline","isPartOf":{"@id":"https:\/\/siscomonline.co\/#website"},"primaryImageOfPage":{"@id":"https:\/\/siscomonline.co\/?page_id=56#primaryimage"},"image":{"@id":"https:\/\/siscomonline.co\/?page_id=56#primaryimage"},"thumbnailUrl":"https:\/\/siscomonline.co\/wp-content\/uploads\/2021\/10\/logo.png","datePublished":"2021-10-04T03:21:08+00:00","dateModified":"2024-09-23T21:33:11+00:00","breadcrumb":{"@id":"https:\/\/siscomonline.co\/?page_id=56#breadcrumb"},"inLanguage":"es-CO","potentialAction":[{"@type":"ReadAction","target":["https:\/\/siscomonline.co\/?page_id=56"]}]},{"@type":"ImageObject","inLanguage":"es-CO","@id":"https:\/\/siscomonline.co\/?page_id=56#primaryimage","url":"https:\/\/siscomonline.co\/wp-content\/uploads\/2021\/10\/logo.png","contentUrl":"https:\/\/siscomonline.co\/wp-content\/uploads\/2021\/10\/logo.png","width":1035,"height":259,"caption":"siscomOnline"},{"@type":"BreadcrumbList","@id":"https:\/\/siscomonline.co\/?page_id=56#breadcrumb","itemListElement":[{"@type":"ListItem","position":1,"name":"Inicio","item":"https:\/\/siscomonline.co\/"},{"@type":"ListItem","position":2,"name":"Seguridad IP"}]},{"@type":"WebSite","@id":"https:\/\/siscomonline.co\/#website","url":"https:\/\/siscomonline.co\/","name":"siscomonline","description":"SISTEMAS DE COMUNICACI\u00d3N EN LINEA S.A.S","publisher":{"@id":"https:\/\/siscomonline.co\/#organization"},"potentialAction":[{"@type":"SearchAction","target":{"@type":"EntryPoint","urlTemplate":"https:\/\/siscomonline.co\/?s={search_term_string}"},"query-input":{"@type":"PropertyValueSpecification","valueRequired":true,"valueName":"search_term_string"}}],"inLanguage":"es-CO"},{"@type":"Organization","@id":"https:\/\/siscomonline.co\/#organization","name":"siscomonline","url":"https:\/\/siscomonline.co\/","logo":{"@type":"ImageObject","inLanguage":"es-CO","@id":"https:\/\/siscomonline.co\/#\/schema\/logo\/image\/","url":"https:\/\/siscomonline.co\/wp-content\/uploads\/2021\/10\/cropped-logo.png","contentUrl":"https:\/\/siscomonline.co\/wp-content\/uploads\/2021\/10\/cropped-logo.png","width":1014,"height":259,"caption":"siscomonline"},"image":{"@id":"https:\/\/siscomonline.co\/#\/schema\/logo\/image\/"}}]}},"_links":{"self":[{"href":"https:\/\/siscomonline.co\/index.php?rest_route=\/wp\/v2\/pages\/56","targetHints":{"allow":["GET"]}}],"collection":[{"href":"https:\/\/siscomonline.co\/index.php?rest_route=\/wp\/v2\/pages"}],"about":[{"href":"https:\/\/siscomonline.co\/index.php?rest_route=\/wp\/v2\/types\/page"}],"author":[{"embeddable":true,"href":"https:\/\/siscomonline.co\/index.php?rest_route=\/wp\/v2\/users\/1"}],"replies":[{"embeddable":true,"href":"https:\/\/siscomonline.co\/index.php?rest_route=%2Fwp%2Fv2%2Fcomments&post=56"}],"version-history":[{"count":3,"href":"https:\/\/siscomonline.co\/index.php?rest_route=\/wp\/v2\/pages\/56\/revisions"}],"predecessor-version":[{"id":309,"href":"https:\/\/siscomonline.co\/index.php?rest_route=\/wp\/v2\/pages\/56\/revisions\/309"}],"wp:featuredmedia":[{"embeddable":true,"href":"https:\/\/siscomonline.co\/index.php?rest_route=\/wp\/v2\/media\/10"}],"wp:attachment":[{"href":"https:\/\/siscomonline.co\/index.php?rest_route=%2Fwp%2Fv2%2Fmedia&parent=56"}],"curies":[{"name":"wp","href":"https:\/\/api.w.org\/{rel}","templated":true}]}}